{"id":31,"date":"2019-03-02T17:37:50","date_gmt":"2019-03-02T16:37:50","guid":{"rendered":"http:\/\/marcussen.eu\/skak-dm\/?page_id=31"},"modified":"2020-08-31T15:51:43","modified_gmt":"2020-08-31T13:51:43","slug":"tilmelding","status":"publish","type":"page","link":"http:\/\/skak-dm.dk\/2020\/?page_id=31","title":{"rendered":"Tilmelding"},"content":{"rendered":"\n<p>Tilmelding\u00a0til DM 2020 sker via DSUs turneringenssystem. <\/p>\n\n\n\n<p>Bem\u00e6rk at der skal v\u00e6lges klasse, hvilket g\u00f8res i feltet gruppe (nederst til h\u00f8jre) i tilmeldingsformularen.&nbsp;<\/p>\n\n\n\n<p>Tilmelding til DM : <a aria-label=\" (\u00e5bner i en ny fane)\" rel=\"noreferrer noopener\" href=\"http:\/\/turnering.skak.dk\/TournamentActive\/Details?tourId=26268\" target=\"_blank\">Klik her for at tilmelde dig<\/a>.\u00a0<br><\/p>\n\n\n\n<p>Her kan du ogs\u00e5 se hvem der allerede er tilmeldt.<\/p>\n","protected":false},"excerpt":{"rendered":"<p>Tilmelding\u00a0til DM 2020 sker via DSUs turneringenssystem. Bem\u00e6rk at der skal v\u00e6lges klasse, hvilket g\u00f8res i feltet gruppe (nederst til h\u00f8jre) i tilmeldingsformularen.&nbsp; Tilmelding til DM : Klik her for at tilmelde dig.\u00a0 Her kan du ogs\u00e5 se hvem der allerede er tilmeldt.<\/p>\n","protected":false},"author":1,"featured_media":0,"parent":0,"menu_order":0,"comment_status":"closed","ping_status":"closed","template":"","meta":[],"_links":{"self":[{"href":"http:\/\/skak-dm.dk\/2020\/index.php?rest_route=\/wp\/v2\/pages\/31"}],"collection":[{"href":"http:\/\/skak-dm.dk\/2020\/index.php?rest_route=\/wp\/v2\/pages"}],"about":[{"href":"http:\/\/skak-dm.dk\/2020\/index.php?rest_route=\/wp\/v2\/types\/page"}],"author":[{"embeddable":true,"href":"http:\/\/skak-dm.dk\/2020\/index.php?rest_route=\/wp\/v2\/users\/1"}],"replies":[{"embeddable":true,"href":"http:\/\/skak-dm.dk\/2020\/index.php?rest_route=%2Fwp%2Fv2%2Fcomments&post=31"}],"version-history":[{"count":4,"href":"http:\/\/skak-dm.dk\/2020\/index.php?rest_route=\/wp\/v2\/pages\/31\/revisions"}],"predecessor-version":[{"id":877,"href":"http:\/\/skak-dm.dk\/2020\/index.php?rest_route=\/wp\/v2\/pages\/31\/revisions\/877"}],"wp:attachment":[{"href":"http:\/\/skak-dm.dk\/2020\/index.php?rest_route=%2Fwp%2Fv2%2Fmedia&parent=31"}],"curies":[{"name":"wp","href":"https:\/\/api.w.org\/{rel}","templated":true}]}}