{"id":368,"date":"2019-04-13T12:34:49","date_gmt":"2019-04-13T10:34:49","guid":{"rendered":"http:\/\/skak-dm.dk\/?page_id=368"},"modified":"2019-04-13T12:34:49","modified_gmt":"2019-04-13T10:34:49","slug":"arkiv","status":"publish","type":"page","link":"http:\/\/skak-dm.dk\/2021\/?page_id=368","title":{"rendered":"Arkiv"},"content":{"rendered":"<ul>\n<li>\n<h3><a href=\"http:\/\/skak-dm.dk\/2019\/04\/12\/klargoeringen-er-i-fuld-gang\/\" title=\"Klarg\u00f8ringen er i fuld gang\">Klarg\u00f8ringen er i fuld gang<\/a><\/h3>\n<p>                                        <a href=\"http:\/\/skak-dm.dk\/2019\/04\/12\/klargoeringen-er-i-fuld-gang\/\" title=\"Klarg\u00f8ringen er i fuld gang\"><br \/>\n                                            <img loading=\"lazy\" width=\"150\" height=\"150\" src=\"http:\/\/skak-dm.dk\/2020\/wp-content\/uploads\/2019\/04\/Klarg\u00f8ring-150x150.jpg\" alt=\"\" \/>                                        <\/a><br \/>\nDer arbejdes intenst med klarg\u00f8ringen b\u00e5de i den store sal og p\u00e5 st\u00e6vnekontoret. T\u00e5rnets, Jens Erik Pedersen formand st\u00e5r for velkomsten i Atriumg\u00e5rden i morgen l\u00f8rdag kl. 1300 akkompagneret af&#8230;<br \/>\n                                                    <a href=\"http:\/\/skak-dm.dk\/2019\/04\/12\/klargoeringen-er-i-fuld-gang\/\" title=\"Klarg\u00f8ringen er i fuld gang\">L\u00e6s mere<\/a>\n                                <\/li>\n<li>\n<h3><a href=\"http:\/\/skak-dm.dk\/2019\/04\/12\/kort-paaske-1-forloeb\/\" title=\"Kort P\u00e5ske 1. forl\u00f8b\">Kort P\u00e5ske 1. forl\u00f8b<\/a><\/h3>\n<p>                                        <a href=\"http:\/\/skak-dm.dk\/2019\/04\/12\/kort-paaske-1-forloeb\/\" title=\"Kort P\u00e5ske 1. forl\u00f8b\"><br \/>\n                                                                                    <\/a><br \/>\nDet er stadig muligt at tilmelde sig ovenst\u00e5ende! Sidste frist er i aften kl. 20!<br \/>\nHusk at betale indskud f\u00f8rst &#8211; 400 kr.<br \/>\nMobilepay: 2248 5676\u00a0 (J\u00f8rgen Kiel)<br \/>\neller kt.nr.: 0815-8159593429<br \/>\nHusk: Navn, f\u00f8dselsdag\u00a0&#8230;<br \/>\n                                                    <a href=\"http:\/\/skak-dm.dk\/2019\/04\/12\/kort-paaske-1-forloeb\/\" title=\"Kort P\u00e5ske 1. forl\u00f8b\">L\u00e6s mere<\/a>\n                                <\/li>\n<li>\n<h3><a href=\"http:\/\/skak-dm.dk\/2019\/04\/10\/saa-kan-du-spille-paa-vinderen\/\" title=\"S\u00e5 kan du spille p\u00e5 vinderen\">S\u00e5 kan du spille p\u00e5 vinderen<\/a><\/h3>\n<p>                                        <a href=\"http:\/\/skak-dm.dk\/2019\/04\/10\/saa-kan-du-spille-paa-vinderen\/\" title=\"S\u00e5 kan du spille p\u00e5 vinderen\"><br \/>\n                                            <img loading=\"lazy\" width=\"150\" height=\"150\" src=\"http:\/\/skak-dm.dk\/2020\/wp-content\/uploads\/2019\/03\/untitled-150x150.png\" alt=\"\" srcset=\"http:\/\/skak-dm.dk\/2020\/wp-content\/uploads\/2019\/03\/untitled-150x150.png 150w, http:\/\/skak-dm.dk\/2020\/wp-content\/uploads\/2019\/03\/untitled.png 225w\" sizes=\"(max-width: 150px) 100vw, 150px\" \/>                                        <\/a><br \/>\nDanske Spil har nu sat odds p\u00e5 landsholdsklassen &#8211; klik p\u00e5 linket for at spille med  Danske spil &#8211; DM SKAK  &#8211; Vinderen og p\u00e5 1. runde via&#8230;<br \/>\n                                                    <a href=\"http:\/\/skak-dm.dk\/2019\/04\/10\/saa-kan-du-spille-paa-vinderen\/\" title=\"S\u00e5 kan du spille p\u00e5 vinderen\">L\u00e6s mere<\/a>\n                                <\/li>\n<li>\n<h3><a href=\"http:\/\/skak-dm.dk\/2019\/04\/07\/visit-svendborg\/\" title=\"Visit Svendborg\">Visit Svendborg<\/a><\/h3>\n<p>                                        <a href=\"http:\/\/skak-dm.dk\/2019\/04\/07\/visit-svendborg\/\" title=\"Visit Svendborg\"><br \/>\n                                            <img loading=\"lazy\" width=\"150\" height=\"150\" src=\"http:\/\/skak-dm.dk\/2020\/wp-content\/uploads\/2019\/04\/Ambrosius-150x150.jpg\" alt=\"\" \/>                                        <\/a><br \/>\nHar du lyst til andet end skak, n\u00e5r du er i Svendborg? Visit Svendborg er din guide til mangfoldige oplevelser. Hjemmesiden giver dig et overblik over alle de muligheder, som&#8230;<br \/>\n                                                    <a href=\"http:\/\/skak-dm.dk\/2019\/04\/07\/visit-svendborg\/\" title=\"Visit Svendborg\">L\u00e6s mere<\/a>\n                                <\/li>\n<li>\n<h3><a href=\"http:\/\/skak-dm.dk\/2019\/04\/05\/staevne-t-shirt\/\" title=\"St\u00e6vne T-shirt\">St\u00e6vne T-shirt<\/a><\/h3>\n<p>                                        <a href=\"http:\/\/skak-dm.dk\/2019\/04\/05\/staevne-t-shirt\/\" title=\"St\u00e6vne T-shirt\"><br \/>\n                                            <img loading=\"lazy\" width=\"150\" height=\"150\" src=\"http:\/\/skak-dm.dk\/2020\/wp-content\/uploads\/2019\/04\/Ny-T-shirt-150x150.jpg\" alt=\"\" \/>                                        <\/a><br \/>\nDu kan nu forudbestille \u00e5rets st\u00e6vne T-shirt ved at ringe p\u00e5 tlf.: 22 48 56 76 senest den 11. april kl. 15. V\u00e6r ude i god tid &#8211; der vil&#8230;<br \/>\n                                                    <a href=\"http:\/\/skak-dm.dk\/2019\/04\/05\/staevne-t-shirt\/\" title=\"St\u00e6vne T-shirt\">L\u00e6s mere<\/a>\n                                <\/li>\n<li>\n<h3><a href=\"http:\/\/skak-dm.dk\/2019\/04\/04\/lodtraekning-foretaget\/\" title=\"Lodtr\u00e6kning foretaget!\">Lodtr\u00e6kning foretaget!<\/a><\/h3>\n<p>                                        <a href=\"http:\/\/skak-dm.dk\/2019\/04\/04\/lodtraekning-foretaget\/\" title=\"Lodtr\u00e6kning foretaget!\"><br \/>\n                                                                                    <\/a><br \/>\nDet er nu klart, hvordan landsholdsklassen m\u00f8des i l\u00f8bet af de 9 spilledage. R\u00e6kkef\u00f8lgen ser s\u00e5ledes ud:<br \/>\n1. Mikkel Antonsen<br \/>\n2. Jesper Thybo<br \/>\n3. Sune Berg Hansen<br \/>\n4. Boris Chatalbashev<br \/>\n5. Igor Teplyi<br \/>\n6. Bj\u00f8rn M\u00f8ller&#8230;<br \/>\n                                                    <a href=\"http:\/\/skak-dm.dk\/2019\/04\/04\/lodtraekning-foretaget\/\" title=\"Lodtr\u00e6kning foretaget!\">L\u00e6s mere<\/a>\n                                <\/li>\n<li>\n<h3><a href=\"http:\/\/skak-dm.dk\/2019\/04\/04\/dms-kommentatorer\/\" title=\"DM&#8217;s kommentatorer\">DM&#8217;s kommentatorer<\/a><\/h3>\n<p>                                        <a href=\"http:\/\/skak-dm.dk\/2019\/04\/04\/dms-kommentatorer\/\" title=\"DM&#8217;s kommentatorer\"><br \/>\n                                            <img loading=\"lazy\" width=\"150\" height=\"150\" src=\"http:\/\/skak-dm.dk\/2020\/wp-content\/uploads\/2019\/04\/Klaus-og-Mads-150x150.jpg\" alt=\"\" \/>                                        <\/a><br \/>\nFM Mads Boe og IM Klaus Berg skriver om kommenteringen ved DM:<br \/>\nEfter at Per Andreasen er stoppet som chefkommentator til DM, blev vi tilbudt at overtage opgaven. Per har gjort&#8230;<br \/>\n                                                    <a href=\"http:\/\/skak-dm.dk\/2019\/04\/04\/dms-kommentatorer\/\" title=\"DM&#8217;s kommentatorer\">L\u00e6s mere<\/a>\n                                <\/li>\n<li>\n<h3><a href=\"http:\/\/skak-dm.dk\/2019\/04\/03\/landsholdsklassen\/\" title=\"Landsholdsklassen\">Landsholdsklassen<\/a><\/h3>\n<p>                                        <a href=\"http:\/\/skak-dm.dk\/2019\/04\/03\/landsholdsklassen\/\" title=\"Landsholdsklassen\"><br \/>\n                                                                                    <\/a><br \/>\nDe 10 spillere i landsholdklassen er i ratingorden:<br \/>\n1. GM Sune Berg Hansen, Hiller\u00f8d Skakklub (2589)\u00a02. GM Allan Stig Rasmussen, Jetsmark Skakklub (2546)\u00a03. GM Boris Chatalbashev, K\u00f8ge Skakklub (2521)\u00a0\u00a0<br \/>\n4. IM Jesper&#8230;<br \/>\n                                                    <a href=\"http:\/\/skak-dm.dk\/2019\/04\/03\/landsholdsklassen\/\" title=\"Landsholdsklassen\">L\u00e6s mere<\/a>\n                                <\/li>\n<li>\n<h3><a href=\"http:\/\/skak-dm.dk\/2019\/04\/02\/tilmeldingsfrister\/\" title=\"Tilmeldingsfrister\">Tilmeldingsfrister<\/a><\/h3>\n<p>                                        <a href=\"http:\/\/skak-dm.dk\/2019\/04\/02\/tilmeldingsfrister\/\" title=\"Tilmeldingsfrister\"><br \/>\n                                            <img loading=\"lazy\" width=\"150\" height=\"150\" src=\"http:\/\/skak-dm.dk\/2020\/wp-content\/uploads\/2019\/04\/Veteran-150x150.jpg\" alt=\"\" \/>                                        <\/a><br \/>\nDu kan stadig tilmelde dig til P\u00e5skest\u00e6vnet! Det koster 400 kr. i alle grupper. Indskudet skal v\u00e6re betalet inden fristens udl\u00f8b, der ser s\u00e5ledes ud:<br \/>\nKort P\u00e5ske 1 samt G5, 1\u00a0&#8230;<br \/>\n                                                    <a href=\"http:\/\/skak-dm.dk\/2019\/04\/02\/tilmeldingsfrister\/\" title=\"Tilmeldingsfrister\">L\u00e6s mere<\/a>\n                                <\/li>\n<li>\n<h3><a href=\"http:\/\/skak-dm.dk\/2019\/03\/30\/rabat-ved-tilmelding-senest-1-april\/\" title=\"Rabat ved indbetaling senest 1.april\">Rabat ved indbetaling senest 1.april<\/a><\/h3>\n<p>                                        <a href=\"http:\/\/skak-dm.dk\/2019\/03\/30\/rabat-ved-tilmelding-senest-1-april\/\" title=\"Rabat ved indbetaling senest 1.april\"><br \/>\n                                                                                    <\/a><br \/>\nHvis du vil spille med i en af de mange sp\u00e6ndende grupper, der l\u00f8ber hen over p\u00e5sken, er der rabat ved snarlig betaling af indskud. Det koster 400 kr. at&#8230;<br \/>\n                                                    <a href=\"http:\/\/skak-dm.dk\/2019\/03\/30\/rabat-ved-tilmelding-senest-1-april\/\" title=\"Rabat ved indbetaling senest 1.april\">L\u00e6s mere<\/a>\n                                <\/li>\n<li>\n<h3><a href=\"http:\/\/skak-dm.dk\/2019\/03\/20\/svendborgs-borgmester-aabner-ballet\/\" title=\"Svendborgs Borgmester \u00e5bner ballet\">Svendborgs Borgmester \u00e5bner ballet<\/a><\/h3>\n<p>                                        <a href=\"http:\/\/skak-dm.dk\/2019\/03\/20\/svendborgs-borgmester-aabner-ballet\/\" title=\"Svendborgs Borgmester \u00e5bner ballet\"><br \/>\n                                            <img loading=\"lazy\" width=\"150\" height=\"150\" src=\"http:\/\/skak-dm.dk\/2020\/wp-content\/uploads\/2019\/03\/a-bo_hansen_21-150x150.jpg\" alt=\"\" \/>                                        <\/a><br \/>\nDet bliver Svendborgs Borgmester, Bo Hansen der tager det f\u00f8rste tr\u00e6k i landsholdsklassen. Hvilken landholdspiller, Borgmesteren har p\u00e5 sit balkort, vides f\u00f8rst, n\u00e5r den det endelige deltagerfelt er fundet, og&#8230;<br \/>\n                                                    <a href=\"http:\/\/skak-dm.dk\/2019\/03\/20\/svendborgs-borgmester-aabner-ballet\/\" title=\"Svendborgs Borgmester \u00e5bner ballet\">L\u00e6s mere<\/a>\n                                <\/li>\n<li>\n<h3><a href=\"http:\/\/skak-dm.dk\/2019\/03\/19\/redaktionen-byder-velkommen\/\" title=\"Redaktionen byder velkommen\">Redaktionen byder velkommen<\/a><\/h3>\n<p>                                        <a href=\"http:\/\/skak-dm.dk\/2019\/03\/19\/redaktionen-byder-velkommen\/\" title=\"Redaktionen byder velkommen\"><br \/>\n                                            <img loading=\"lazy\" width=\"150\" height=\"150\" src=\"http:\/\/skak-dm.dk\/2020\/wp-content\/uploads\/2019\/03\/Redaktionen-150x150.jpg\" alt=\"\" \/>                                        <\/a><br \/>\nK\u00e6re l\u00e6sere af DM siden<br \/>\nVi, Niels-Peter (tv) og Jens (th) vil gerne byde alle l\u00e6sere velkommen til DM siden. Vi vil fors\u00f8ge efter bedste evne at holde jer informeret om&#8230;<br \/>\n                                                    <a href=\"http:\/\/skak-dm.dk\/2019\/03\/19\/redaktionen-byder-velkommen\/\" title=\"Redaktionen byder velkommen\">L\u00e6s mere<\/a>\n                                <\/li>\n<li>\n<h3><a href=\"http:\/\/skak-dm.dk\/2019\/03\/16\/dm-i-lyn\/\" title=\"DM i Lyn\">DM i Lyn<\/a><\/h3>\n<p>                                        <a href=\"http:\/\/skak-dm.dk\/2019\/03\/16\/dm-i-lyn\/\" title=\"DM i Lyn\"><br \/>\n                                            <img loading=\"lazy\" width=\"150\" height=\"150\" src=\"http:\/\/skak-dm.dk\/2020\/wp-content\/uploads\/2019\/03\/untitled-150x150.png\" alt=\"\" srcset=\"http:\/\/skak-dm.dk\/2020\/wp-content\/uploads\/2019\/03\/untitled-150x150.png 150w, http:\/\/skak-dm.dk\/2020\/wp-content\/uploads\/2019\/03\/untitled.png 225w\" sizes=\"(max-width: 150px) 100vw, 150px\" \/>                                        <\/a><br \/>\n5000 kr. i f\u00f8rstepr\u00e6mie<br \/>\nOddset sponsere igen i \u00e5r en f\u00f8rstepr\u00e6mie p\u00e5 5000 kr., s\u00e5 der er absolut ingen grund til at v\u00e6re tilbageholden med tilmelding.I \u00f8vrigt er der mulighed for&#8230;<br \/>\n                                                    <a href=\"http:\/\/skak-dm.dk\/2019\/03\/16\/dm-i-lyn\/\" title=\"DM i Lyn\">L\u00e6s mere<\/a>\n                                <\/li>\n<li>\n<h3><a href=\"http:\/\/skak-dm.dk\/2019\/03\/08\/paaskestaevne-2019\/\" title=\"Velkommen til Svendborg\">Velkommen til Svendborg<\/a><\/h3>\n<p>                                        <a href=\"http:\/\/skak-dm.dk\/2019\/03\/08\/paaskestaevne-2019\/\" title=\"Velkommen til Svendborg\"><br \/>\n                                            <img loading=\"lazy\" width=\"150\" height=\"150\" src=\"http:\/\/skak-dm.dk\/2020\/wp-content\/uploads\/2019\/03\/Svendborg-150x150.jpg\" alt=\"\" \/>                                        <\/a><br \/>\nP\u00e5skest\u00e6vne 2019<br \/>\nK\u00e6re Skakspillere &#8211; igen i \u00e5r har Skakklubben Syd\u00f8stfyn og Skakklubben T\u00e5rnet, Svendborg forn\u00f8jelsen at indbyde til P\u00e5skest\u00e6vne. P\u00e5skest\u00e6vnet holdes lige som sidste \u00e5r p\u00e5 Hotel Svendborg, der byder&#8230;<br \/>\n                                                    <a href=\"http:\/\/skak-dm.dk\/2019\/03\/08\/paaskestaevne-2019\/\" title=\"Velkommen til Svendborg\">L\u00e6s mere<\/a>\n                                <\/li>\n<\/ul>\n","protected":false},"excerpt":{"rendered":"<p>Klarg\u00f8ringen er i fuld gang Der arbejdes intenst med klarg\u00f8ringen b\u00e5de i den store sal og p\u00e5 st\u00e6vnekontoret. T\u00e5rnets, Jens Erik Pedersen formand st\u00e5r for velkomsten i Atriumg\u00e5rden i morgen l\u00f8rdag kl. 1300 akkompagneret af&#8230; L\u00e6s mere Kort P\u00e5ske 1. forl\u00f8b Det er stadig muligt at tilmelde sig ovenst\u00e5ende! Sidste frist er i aften kl. [&hellip;]<\/p>\n","protected":false},"author":2,"featured_media":0,"parent":0,"menu_order":0,"comment_status":"closed","ping_status":"closed","template":"","meta":[],"_links":{"self":[{"href":"http:\/\/skak-dm.dk\/2021\/index.php?rest_route=\/wp\/v2\/pages\/368"}],"collection":[{"href":"http:\/\/skak-dm.dk\/2021\/index.php?rest_route=\/wp\/v2\/pages"}],"about":[{"href":"http:\/\/skak-dm.dk\/2021\/index.php?rest_route=\/wp\/v2\/types\/page"}],"author":[{"embeddable":true,"href":"http:\/\/skak-dm.dk\/2021\/index.php?rest_route=\/wp\/v2\/users\/2"}],"replies":[{"embeddable":true,"href":"http:\/\/skak-dm.dk\/2021\/index.php?rest_route=%2Fwp%2Fv2%2Fcomments&post=368"}],"version-history":[{"count":0,"href":"http:\/\/skak-dm.dk\/2021\/index.php?rest_route=\/wp\/v2\/pages\/368\/revisions"}],"wp:attachment":[{"href":"http:\/\/skak-dm.dk\/2021\/index.php?rest_route=%2Fwp%2Fv2%2Fmedia&parent=368"}],"curies":[{"name":"wp","href":"https:\/\/api.w.org\/{rel}","templated":true}]}}