{"id":57,"date":"2019-03-02T19:03:22","date_gmt":"2019-03-02T18:03:22","guid":{"rendered":"http:\/\/marcussen.eu\/skak-dm\/?page_id=57"},"modified":"2019-03-02T19:03:22","modified_gmt":"2019-03-02T18:03:22","slug":"forside","status":"publish","type":"page","link":"http:\/\/skak-dm.dk\/2021\/?page_id=57","title":{"rendered":""},"content":{"rendered":"<ul>\n<li>\n<h3><a href=\"http:\/\/skak-dm.dk\/2019\/04\/12\/klargoeringen-er-i-fuld-gang\/\" title=\"Klarg\u00f8ringen er i fuld gang\">Klarg\u00f8ringen er i fuld gang<\/a><\/h3>\n<p>                                        <a href=\"http:\/\/skak-dm.dk\/2019\/04\/12\/klargoeringen-er-i-fuld-gang\/\" title=\"Klarg\u00f8ringen er i fuld gang\"><br \/>\n                                            <img loading=\"lazy\" width=\"150\" height=\"150\" src=\"http:\/\/skak-dm.dk\/2020\/wp-content\/uploads\/2019\/04\/Klarg\u00f8ring-150x150.jpg\" alt=\"\" \/>                                        <\/a><br \/>\nDer arbejdes intenst med klarg\u00f8ringen b\u00e5de i den store sal og p\u00e5 st\u00e6vnekontoret. T\u00e5rnets, Jens Erik Pedersen formand st\u00e5r for velkomsten i Atriumg\u00e5rden i morgen l\u00f8rdag kl. 1300 akkompagneret af&#8230;<br \/>\n                                                    <a href=\"http:\/\/skak-dm.dk\/2019\/04\/12\/klargoeringen-er-i-fuld-gang\/\" title=\"Klarg\u00f8ringen er i fuld gang\">L\u00e6s mere<\/a>\n                                <\/li>\n<li>\n<h3><a href=\"http:\/\/skak-dm.dk\/2019\/04\/12\/kort-paaske-1-forloeb\/\" title=\"Kort P\u00e5ske 1. forl\u00f8b\">Kort P\u00e5ske 1. forl\u00f8b<\/a><\/h3>\n<p>                                        <a href=\"http:\/\/skak-dm.dk\/2019\/04\/12\/kort-paaske-1-forloeb\/\" title=\"Kort P\u00e5ske 1. forl\u00f8b\"><br \/>\n                                                                                    <\/a><br \/>\nDet er stadig muligt at tilmelde sig ovenst\u00e5ende! Sidste frist er i aften kl. 20!<br \/>\nHusk at betale indskud f\u00f8rst &#8211; 400 kr.<br \/>\nMobilepay: 2248 5676\u00a0 (J\u00f8rgen Kiel)<br \/>\neller kt.nr.: 0815-8159593429<br \/>\nHusk: Navn, f\u00f8dselsdag\u00a0&#8230;<br \/>\n                                                    <a href=\"http:\/\/skak-dm.dk\/2019\/04\/12\/kort-paaske-1-forloeb\/\" title=\"Kort P\u00e5ske 1. forl\u00f8b\">L\u00e6s mere<\/a>\n                                <\/li>\n<li>\n<h3><a href=\"http:\/\/skak-dm.dk\/2019\/04\/10\/saa-kan-du-spille-paa-vinderen\/\" title=\"S\u00e5 kan du spille p\u00e5 vinderen\">S\u00e5 kan du spille p\u00e5 vinderen<\/a><\/h3>\n<p>                                        <a href=\"http:\/\/skak-dm.dk\/2019\/04\/10\/saa-kan-du-spille-paa-vinderen\/\" title=\"S\u00e5 kan du spille p\u00e5 vinderen\"><br \/>\n                                            <img loading=\"lazy\" width=\"150\" height=\"150\" src=\"http:\/\/skak-dm.dk\/2020\/wp-content\/uploads\/2019\/03\/untitled-150x150.png\" alt=\"\" srcset=\"http:\/\/skak-dm.dk\/2020\/wp-content\/uploads\/2019\/03\/untitled-150x150.png 150w, http:\/\/skak-dm.dk\/2020\/wp-content\/uploads\/2019\/03\/untitled.png 225w\" sizes=\"(max-width: 150px) 100vw, 150px\" \/>                                        <\/a><br \/>\nDanske Spil har nu sat odds p\u00e5 landsholdsklassen &#8211; klik p\u00e5 linket for at spille med  Danske spil &#8211; DM SKAK  &#8211; Vinderen og p\u00e5 1. runde via&#8230;<br \/>\n                                                    <a href=\"http:\/\/skak-dm.dk\/2019\/04\/10\/saa-kan-du-spille-paa-vinderen\/\" title=\"S\u00e5 kan du spille p\u00e5 vinderen\">L\u00e6s mere<\/a>\n                                <\/li>\n<li>\n<h3><a href=\"http:\/\/skak-dm.dk\/2019\/04\/07\/visit-svendborg\/\" title=\"Visit Svendborg\">Visit Svendborg<\/a><\/h3>\n<p>                                        <a href=\"http:\/\/skak-dm.dk\/2019\/04\/07\/visit-svendborg\/\" title=\"Visit Svendborg\"><br \/>\n                                            <img loading=\"lazy\" width=\"150\" height=\"150\" src=\"http:\/\/skak-dm.dk\/2020\/wp-content\/uploads\/2019\/04\/Ambrosius-150x150.jpg\" alt=\"\" \/>                                        <\/a><br \/>\nHar du lyst til andet end skak, n\u00e5r du er i Svendborg? Visit Svendborg er din guide til mangfoldige oplevelser. Hjemmesiden giver dig et overblik over alle de muligheder, som&#8230;<br \/>\n                                                    <a href=\"http:\/\/skak-dm.dk\/2019\/04\/07\/visit-svendborg\/\" title=\"Visit Svendborg\">L\u00e6s mere<\/a>\n                                <\/li>\n<li>\n<h3><a href=\"http:\/\/skak-dm.dk\/2019\/04\/05\/staevne-t-shirt\/\" title=\"St\u00e6vne T-shirt\">St\u00e6vne T-shirt<\/a><\/h3>\n<p>                                        <a href=\"http:\/\/skak-dm.dk\/2019\/04\/05\/staevne-t-shirt\/\" title=\"St\u00e6vne T-shirt\"><br \/>\n                                            <img loading=\"lazy\" width=\"150\" height=\"150\" src=\"http:\/\/skak-dm.dk\/2020\/wp-content\/uploads\/2019\/04\/Ny-T-shirt-150x150.jpg\" alt=\"\" \/>                                        <\/a><br \/>\nDu kan nu forudbestille \u00e5rets st\u00e6vne T-shirt ved at ringe p\u00e5 tlf.: 22 48 56 76 senest den 11. april kl. 15. V\u00e6r ude i god tid &#8211; der vil&#8230;<br \/>\n                                                    <a href=\"http:\/\/skak-dm.dk\/2019\/04\/05\/staevne-t-shirt\/\" title=\"St\u00e6vne T-shirt\">L\u00e6s mere<\/a>\n                                <\/li>\n<\/ul>\n<p>\t\t\t<a href=\"http:\/\/skak-dm.dk\/arkiv\/\" role=\"button\"><br \/>\n\t\t\t\t\t\tSe alle nyheder<br \/>\n\t\t\t\t\t<\/a>\t\t<\/p>\n","protected":false},"excerpt":{"rendered":"<p>Klarg\u00f8ringen er i fuld gang Der arbejdes intenst med klarg\u00f8ringen b\u00e5de i den store sal og p\u00e5 st\u00e6vnekontoret. T\u00e5rnets, Jens Erik Pedersen formand st\u00e5r for velkomsten i Atriumg\u00e5rden i morgen l\u00f8rdag kl. 1300 akkompagneret af&#8230; L\u00e6s mere Kort P\u00e5ske 1. forl\u00f8b Det er stadig muligt at tilmelde sig ovenst\u00e5ende! Sidste frist er i aften kl. [&hellip;]<\/p>\n","protected":false},"author":2,"featured_media":0,"parent":0,"menu_order":0,"comment_status":"closed","ping_status":"closed","template":"","meta":[],"_links":{"self":[{"href":"http:\/\/skak-dm.dk\/2021\/index.php?rest_route=\/wp\/v2\/pages\/57"}],"collection":[{"href":"http:\/\/skak-dm.dk\/2021\/index.php?rest_route=\/wp\/v2\/pages"}],"about":[{"href":"http:\/\/skak-dm.dk\/2021\/index.php?rest_route=\/wp\/v2\/types\/page"}],"author":[{"embeddable":true,"href":"http:\/\/skak-dm.dk\/2021\/index.php?rest_route=\/wp\/v2\/users\/2"}],"replies":[{"embeddable":true,"href":"http:\/\/skak-dm.dk\/2021\/index.php?rest_route=%2Fwp%2Fv2%2Fcomments&post=57"}],"version-history":[{"count":0,"href":"http:\/\/skak-dm.dk\/2021\/index.php?rest_route=\/wp\/v2\/pages\/57\/revisions"}],"wp:attachment":[{"href":"http:\/\/skak-dm.dk\/2021\/index.php?rest_route=%2Fwp%2Fv2%2Fmedia&parent=57"}],"curies":[{"name":"wp","href":"https:\/\/api.w.org\/{rel}","templated":true}]}}