{"id":23,"date":"2023-02-01T10:00:00","date_gmt":"2023-02-01T09:00:00","guid":{"rendered":"http:\/\/marcussen.eu\/skak-dm\/?page_id=23"},"modified":"2024-03-29T11:22:16","modified_gmt":"2024-03-29T10:22:16","slug":"kalender","status":"publish","type":"page","link":"https:\/\/skak-dm.dk\/2024\/kalender\/","title":{"rendered":"Kalender"},"content":{"rendered":"\n<figure class=\"wp-block-table is-style-regular\"><table><tbody><tr><td class=\"has-text-align-left\" data-align=\"left\"><strong>L\u00f8rdag d. 23. marts<\/strong><\/td><td>&nbsp; <\/td><\/tr><tr><td class=\"has-text-align-left\" data-align=\"left\">Landsholdsklassen 1. runde<\/td><td>14.00 \u2013 20.00<\/td><\/tr><tr><td class=\"has-text-align-left\" data-align=\"left\">G5-1 1. runde<\/td><td>14.00 \u2013 20.00<\/td><\/tr><tr><td class=\"has-text-align-left\" data-align=\"left\">1. Korte P\u00e5ske 1. runde<\/td><td>14.00 \u2013 20.00<\/td><\/tr><tr><td class=\"has-text-align-left\" data-align=\"left\">Begynder og let \u00f8vede 1. runde<\/td><td>14.30 <\/td><\/tr><tr><td class=\"has-text-align-left\" data-align=\"left\">Begynder og let \u00f8vede 2. runde<\/td><td>17.00<\/td><\/tr><tr><td class=\"has-text-align-left\" data-align=\"left\"><br><strong>S\u00f8ndag d. 24. <strong><strong>marts<\/strong><\/strong><\/strong><\/td><td>&nbsp;<\/td><\/tr><tr><td class=\"has-text-align-left\" data-align=\"left\">Landsholdsklassen 2. runde<\/td><td>14.00 \u2013 20.00<\/td><\/tr><tr><td class=\"has-text-align-left\" data-align=\"left\">G5-1 2. runde<\/td><td>14.00 &#8211; 20.00<\/td><\/tr><tr><td class=\"has-text-align-left\" data-align=\"left\">1. Korte P\u00e5ske 2. runde<\/td><td>10.00 &#8211; 16.00<\/td><\/tr><tr><td class=\"has-text-align-left\" data-align=\"left\">1. Korte P\u00e5ske 3. runde<\/td><td>16.00 &#8211; 22.00<\/td><\/tr><tr><td class=\"has-text-align-left\" data-align=\"left\">Begynder og let \u00f8vede 3. runde<\/td><td>10.00<\/td><\/tr><tr><td class=\"has-text-align-left\" data-align=\"left\">Begynder og let \u00f8vede 4. runde<\/td><td>12.30<\/td><\/tr><tr><td class=\"has-text-align-left\" data-align=\"left\">Begynder og let \u00f8vede 5. runde<\/td><td>15.00<\/td><\/tr><tr><td class=\"has-text-align-left\" data-align=\"left\"><br><strong>Mandag d. 25. <strong><strong>marts<\/strong><\/strong><\/strong><\/td><td>&nbsp;<\/td><\/tr><tr><td class=\"has-text-align-left\" data-align=\"left\">Landsholdsklassen 3. runde<\/td><td>14.00 \u2013 20.00<\/td><\/tr><tr><td class=\"has-text-align-left\" data-align=\"left\">G5-1 3. runde<\/td><td>14.00 &#8211; 20.00<\/td><\/tr><tr><td class=\"has-text-align-left\" data-align=\"left\">1. Korte P\u00e5ske 4. runde<\/td><td>10.00 &#8211; 16.00<\/td><\/tr><tr><td class=\"has-text-align-left\" data-align=\"left\">1. Korte P\u00e5ske 5. runde<\/td><td>16.00 &#8211; 22.00<\/td><\/tr><tr><td class=\"has-text-align-left\" data-align=\"left\">Begynder og let \u00f8vede 6. runde<\/td><td>10.00<\/td><\/tr><tr><td class=\"has-text-align-left\" data-align=\"left\">Begynder og let \u00f8vede 7. runde<\/td><td>13.00<\/td><\/tr><tr><td class=\"has-text-align-left\" data-align=\"left\"><br><strong>Tirsdag d. 26. <strong><strong>marts<\/strong><\/strong><\/strong><\/td><td>&nbsp;<\/td><\/tr><tr><td class=\"has-text-align-left\" data-align=\"left\">Landsholdsklassen 4. runde<\/td><td>14.00 \u2013 20.00<\/td><\/tr><tr><td class=\"has-text-align-left\" data-align=\"left\">Kandidatklassen 1. runde<\/td><td>18.30 \u2013 00.30<\/td><\/tr><tr><td class=\"has-text-align-left\" data-align=\"left\">G7 1. runde<\/td><td>18.30 \u2013 00.30<\/td><\/tr><tr><td class=\"has-text-align-left\" data-align=\"left\">G5-1 4. runde<\/td><td>14.00 \u2013 20.00<\/td><\/tr><tr><td class=\"has-text-align-left\" data-align=\"left\"><br><strong>Onsdag d. 27. <strong><strong>marts<\/strong><\/strong><\/strong><\/td><td>&nbsp;<\/td><\/tr><tr><td class=\"has-text-align-left\" data-align=\"left\">Landsholdsklassen 5. runde<\/td><td>14.00 \u2013 20.00<\/td><\/tr><tr><td class=\"has-text-align-left\" data-align=\"left\">Kandidatklassen 2. runde<\/td><td>14.00 \u2013 20.00<\/td><\/tr><tr><td class=\"has-text-align-left\" data-align=\"left\">G7 2. runde<\/td><td>14.00 \u2013 20.00<\/td><\/tr><tr><td class=\"has-text-align-left\" data-align=\"left\">G5-1 5. runde<\/td><td>14.00 \u2013 20.00<\/td><\/tr><tr><td class=\"has-text-align-left\" data-align=\"left\"><br><strong>Torsdag d. 28. <strong><strong>marts<\/strong><\/strong><\/strong><\/td><td>&nbsp;<\/td><\/tr><tr><td class=\"has-text-align-left\" data-align=\"left\">Landsholdsklassen 6. runde<\/td><td>14.00 \u2013 20.00<\/td><\/tr><tr><td class=\"has-text-align-left\" data-align=\"left\">Kandidatklassen 3. runde<\/td><td>14.00 \u2013 20.00<\/td><\/tr><tr><td class=\"has-text-align-left\" data-align=\"left\">Veteranklassen 1. runde<\/td><td>14.00 \u2013 20.00<\/td><\/tr><tr><td class=\"has-text-align-left\" data-align=\"left\">G7 3. runde<\/td><td>14.00 \u2013 20.00<\/td><\/tr><tr><td class=\"has-text-align-left\" data-align=\"left\">G5-2 1. runde<\/td><td>14.00 \u2013 20.00<\/td><\/tr><tr><td class=\"has-text-align-left\" data-align=\"left\">2. Korte P\u00e5ske 1. runde<\/td><td>10.00 &#8211; 16.00<\/td><\/tr><tr><td class=\"has-text-align-left\" data-align=\"left\">2. Korte P\u00e5ske 2. runde<\/td><td>16.00 &#8211; 22.00<\/td><\/tr><tr><td class=\"has-text-align-left\" data-align=\"left\"><br><strong>Fredag d. 29. <strong><strong>marts<\/strong><\/strong><\/strong><\/td><td>&nbsp;<\/td><\/tr><tr><td class=\"has-text-align-left\" data-align=\"left\">Landsholdsklassen 7. runde <\/td><td>14.00 \u2013 20.00<\/td><\/tr><tr><td class=\"has-text-align-left\" data-align=\"left\">Kandidatklassen 4. runde <\/td><td>14.00 \u2013 20.00<\/td><\/tr><tr><td class=\"has-text-align-left\" data-align=\"left\">Veteranklassen 2. runde<\/td><td>14.00 \u2013 20.00<\/td><\/tr><tr><td class=\"has-text-align-left\" data-align=\"left\">G7 4. runde<\/td><td>14.00 \u2013 20.00<\/td><\/tr><tr><td class=\"has-text-align-left\" data-align=\"left\">G5-2 2. runde<\/td><td>14.00 \u2013 20.00<\/td><\/tr><tr><td class=\"has-text-align-left\" data-align=\"left\">2. Korte P\u00e5ske 3. runde<\/td><td>14.00 \u2013 20.00<\/td><\/tr><tr><td class=\"has-text-align-left\" data-align=\"left\">P\u00e5ske-Lyn<\/td><td>19.25 \u2013<\/td><\/tr><tr><td class=\"has-text-align-left\" data-align=\"left\"><br><strong>L\u00f8rdag d. 30. <strong><strong>marts<\/strong><\/strong><\/strong><\/td><td>&nbsp;<\/td><\/tr><tr><td class=\"has-text-align-left\" data-align=\"left\">Landsholdsklassen 8. runde   <\/td><td>14.00 \u2013 20.00<\/td><\/tr><tr><td class=\"has-text-align-left\" data-align=\"left\">Kandidatklassen 5. runde   <\/td><td>14.00 \u2013 20.00<\/td><\/tr><tr><td class=\"has-text-align-left\" data-align=\"left\">Veteranklassen 3. runde<\/td><td>14.00 \u2013 20.00<\/td><\/tr><tr><td class=\"has-text-align-left\" data-align=\"left\">G7 5. runde<\/td><td>14.00 \u2013 20.00<\/td><\/tr><tr><td class=\"has-text-align-left\" data-align=\"left\">G5-2 3. runde<\/td><td>14.00 \u2013 20.00<\/td><\/tr><tr><td class=\"has-text-align-left\" data-align=\"left\">2. Korte P\u00e5ske 4. runde<\/td><td>10.00 \u2013 16.00<\/td><\/tr><tr><td class=\"has-text-align-left\" data-align=\"left\">2. Korte P\u00e5ske 5. runde<\/td><td>16.00 \u2013 22.00<\/td><\/tr><tr><td class=\"has-text-align-left\" data-align=\"left\">Tema Kvinder i skak v. Esmat Guindy<\/td><td>14.30 \u2013 <\/td><\/tr><tr><td class=\"has-text-align-left\" data-align=\"left\">Foredrag v. Jan L\u00f8fberg<\/td><td>20.30 \u2013 21.30<\/td><\/tr><tr><td class=\"has-text-align-left\" data-align=\"left\"><br><strong>S\u00f8ndag d. 31. <strong><strong>marts<\/strong><\/strong><\/strong><\/td><td>&nbsp;<\/td><\/tr><tr><td class=\"has-text-align-left\" data-align=\"left\">Landsholdsklassen 9. runde<\/td><td>12.00 \u2013 18.00<\/td><\/tr><tr><td class=\"has-text-align-left\" data-align=\"left\">Kandidatklassen 6. runde<\/td><td>09.00 \u2013 15.00<\/td><\/tr><tr><td class=\"has-text-align-left\" data-align=\"left\">Veteranklassen 4. runde<\/td><td>09.00 \u2013 15.00<\/td><\/tr><tr><td class=\"has-text-align-left\" data-align=\"left\">G7 6. runde<\/td><td>09.00 \u2013 15.00<\/td><\/tr><tr><td class=\"has-text-align-left\" data-align=\"left\">G5-2 4. runde<\/td><td>09.00 \u2013 15.00<\/td><\/tr><tr><td class=\"has-text-align-left\" data-align=\"left\">Delegeretm\u00f8de (Hotel Svendborg)<\/td><td>15.15 \u2013<\/td><\/tr><tr><td class=\"has-text-align-left\" data-align=\"left\">St\u00e6vnefest<\/td><td>19.00 \u2013<\/td><\/tr><tr><td class=\"has-text-align-left\" data-align=\"left\"><br><strong>Mandag d. 1. <strong>april<\/strong><\/strong><\/td><td>&nbsp;<\/td><\/tr><tr><td class=\"has-text-align-left\" data-align=\"left\">Landsholdsklassen &#8211; evt. omkamp<\/td><td>13.00<\/td><\/tr><tr><td class=\"has-text-align-left\" data-align=\"left\">Kandidatklassen&nbsp;7. runde<\/td><td>09.00 \u2013 15.00<\/td><\/tr><tr><td class=\"has-text-align-left\" data-align=\"left\">Veteranklassen 5. runde<\/td><td>09.00 \u2013 15.00<\/td><\/tr><tr><td class=\"has-text-align-left\" data-align=\"left\">G7 7. runde<\/td><td>09.00 \u2013 15.00<\/td><\/tr><tr><td class=\"has-text-align-left\" data-align=\"left\">G5-2 5. runde<\/td><td>09.00 \u2013 15.00<\/td><\/tr><\/tbody><\/table><\/figure>\n","protected":false},"excerpt":{"rendered":"<p>L\u00f8rdag d. 23. marts &nbsp; Landsholdsklassen 1. runde 14.00 \u2013 20.00 G5-1 1. runde 14.00 \u2013 20.00 1. Korte P\u00e5ske 1. runde 14.00 \u2013 20.00 Begynder og let \u00f8vede 1. runde 14.30 Begynder og let \u00f8vede 2. runde 17.00 S\u00f8ndag d. 24. marts &nbsp; Landsholdsklassen 2. runde 14.00 \u2013 20.00 G5-1 2. runde 14.00 &#8211; [&hellip;]<\/p>\n","protected":false},"author":1,"featured_media":0,"parent":0,"menu_order":0,"comment_status":"closed","ping_status":"closed","template":"","meta":[],"_links":{"self":[{"href":"https:\/\/skak-dm.dk\/2024\/wp-json\/wp\/v2\/pages\/23"}],"collection":[{"href":"https:\/\/skak-dm.dk\/2024\/wp-json\/wp\/v2\/pages"}],"about":[{"href":"https:\/\/skak-dm.dk\/2024\/wp-json\/wp\/v2\/types\/page"}],"author":[{"embeddable":true,"href":"https:\/\/skak-dm.dk\/2024\/wp-json\/wp\/v2\/users\/1"}],"replies":[{"embeddable":true,"href":"https:\/\/skak-dm.dk\/2024\/wp-json\/wp\/v2\/comments?post=23"}],"version-history":[{"count":39,"href":"https:\/\/skak-dm.dk\/2024\/wp-json\/wp\/v2\/pages\/23\/revisions"}],"predecessor-version":[{"id":2317,"href":"https:\/\/skak-dm.dk\/2024\/wp-json\/wp\/v2\/pages\/23\/revisions\/2317"}],"wp:attachment":[{"href":"https:\/\/skak-dm.dk\/2024\/wp-json\/wp\/v2\/media?parent=23"}],"curies":[{"name":"wp","href":"https:\/\/api.w.org\/{rel}","templated":true}]}}