{"id":121,"date":"2025-04-10T19:49:47","date_gmt":"2025-04-10T17:49:47","guid":{"rendered":"https:\/\/skak-dm.dk\/2025\/?page_id=121"},"modified":"2025-04-16T22:11:40","modified_gmt":"2025-04-16T20:11:40","slug":"live","status":"publish","type":"page","link":"https:\/\/skak-dm.dk\/2025\/live\/","title":{"rendered":"Live"},"content":{"rendered":"\n<p>Alle livepartier vil ogs\u00e5 kunne gennemspilles via <a href=\"https:\/\/turnering.skak.dk\/TournamentActive\/Details?tourId=29142\" target=\"_blank\" rel=\"noreferrer noopener\">DSUs turneringssystem<\/a>.<br>Dette g\u00e6lder dog ikke P\u00e5skelyn (foreg\u00e5r fredag aften)<\/p>\n\n<p><strong>Kommentering af Landsholdsklassen med IM Rasmus Skytte<\/strong><br><a href=\"https:\/\/www.twitch.tv\/danskskakunion?lang=da\">Twitch<\/a> &#8211; <a href=\"https:\/\/www.youtube.com\/channel\/UCf-MK6c8at5eiENKHCOUVaA\">Youtube<\/a><\/p>\n\n<p><strong>Landsholdsklassen:<\/strong><br><a href=\"https:\/\/lichess.org\/broadcast\/danish-championship-2025--landsholdsklassen\/round-1\/YRE5r6Z4\">Live<\/a><\/p>\n\n<p><strong>Kandidatklassen:<\/strong><br><a href=\"https:\/\/lichess.org\/broadcast\/danish-championship-2025--kandidatklassen\/round-1\/FWvsU1pu\">Live<\/a><\/p>\n\n<p><strong>G7:<\/strong><br><a href=\"https:\/\/lichess.org\/broadcast\/danish-championship-2025--g7\/round-1\/H8OdxpDd\">Live<\/a><\/p>\n\n<p><strong>Kort P\u00e5ske 2 (de f\u00f8rste 6 br\u00e6tter)<\/strong><br><a href=\"https:\/\/lichess.org\/broadcast\/danish-championship-2025--kort-paske-2\/round-1\/Jght3ki5\">Live<\/a><\/p>\n\n<p><strong>G5-2:<\/strong><br><a href=\"https:\/\/lichess.org\/broadcast\/danish-championship-2025--g5-2\/round-1\/iagxf5Qb\">Live<\/a><\/p>\n\n<p><strong>G5-1:<\/strong><br><a href=\"https:\/\/lichess.org\/broadcast\/danish-championship-2025--g5-1\/round-1\/X3AWAq1v\">Arkiv<\/a><\/p>\n\n<p><strong>Kort P\u00e5ske 1:<\/strong><br><a href=\"https:\/\/lichess.org\/broadcast\/danish-championship-2025--kort-paske-1\/round-1\/VJCuFDfA\">Arkiv<\/a><\/p>\n","protected":false},"excerpt":{"rendered":"<p>Alle livepartier vil ogs\u00e5 kunne gennemspilles via DSUs turneringssystem.Dette g\u00e6lder dog ikke P\u00e5skelyn (foreg\u00e5r fredag aften) Kommentering af Landsholdsklassen med IM Rasmus SkytteTwitch &#8211; Youtube Landsholdsklassen:Live Kandidatklassen:Live G7:Live Kort P\u00e5ske 2 (de f\u00f8rste 6 br\u00e6tter)Live G5-2:Live G5-1:Arkiv Kort P\u00e5ske 1:Arkiv<\/p>\n","protected":false},"author":5,"featured_media":0,"parent":0,"menu_order":0,"comment_status":"closed","ping_status":"closed","template":"","meta":{"footnotes":""},"class_list":["post-121","page","type-page","status-publish","hentry"],"_links":{"self":[{"href":"https:\/\/skak-dm.dk\/2025\/wp-json\/wp\/v2\/pages\/121","targetHints":{"allow":["GET"]}}],"collection":[{"href":"https:\/\/skak-dm.dk\/2025\/wp-json\/wp\/v2\/pages"}],"about":[{"href":"https:\/\/skak-dm.dk\/2025\/wp-json\/wp\/v2\/types\/page"}],"author":[{"embeddable":true,"href":"https:\/\/skak-dm.dk\/2025\/wp-json\/wp\/v2\/users\/5"}],"replies":[{"embeddable":true,"href":"https:\/\/skak-dm.dk\/2025\/wp-json\/wp\/v2\/comments?post=121"}],"version-history":[{"count":6,"href":"https:\/\/skak-dm.dk\/2025\/wp-json\/wp\/v2\/pages\/121\/revisions"}],"predecessor-version":[{"id":201,"href":"https:\/\/skak-dm.dk\/2025\/wp-json\/wp\/v2\/pages\/121\/revisions\/201"}],"wp:attachment":[{"href":"https:\/\/skak-dm.dk\/2025\/wp-json\/wp\/v2\/media?parent=121"}],"curies":[{"name":"wp","href":"https:\/\/api.w.org\/{rel}","templated":true}]}}