{"id":20,"date":"2024-12-07T14:14:52","date_gmt":"2024-12-07T13:14:52","guid":{"rendered":"https:\/\/skak-dm.dk\/2025\/?page_id=20"},"modified":"2025-04-10T17:50:41","modified_gmt":"2025-04-10T15:50:41","slug":"kalender","status":"publish","type":"page","link":"https:\/\/skak-dm.dk\/2025\/kalender\/","title":{"rendered":"Kalender"},"content":{"rendered":"\n<figure class=\"wp-block-table\"><table class=\"has-fixed-layout\"><tbody><tr><td><strong>L\u00f8rdag 12. april 2025<\/strong><\/td><td><\/td><\/tr><tr><td>Reception og officiel Velkomst<\/td><td>13.00 &#8211; 1345<\/td><\/tr><tr><td>Landsholdsklassen 1. runde<\/td><td>14.00 \u2013 20.00<\/td><\/tr><tr><td>G5-1 1. runde<\/td><td>14.00 \u2013 20.00<\/td><\/tr><tr><td>1. Korte P\u00e5ske 1. runde<\/td><td>14.00 \u2013 20.00<\/td><\/tr><tr><td>Begynder og let \u00f8vede 1. runde<\/td><td>14.30<\/td><\/tr><tr><td>Begynder og let \u00f8vede 2. runde<\/td><td>17.00<\/td><\/tr><tr><td><\/td><td><\/td><\/tr><tr><td><strong>S\u00f8ndag 13. april 2025<\/strong><\/td><td><\/td><\/tr><tr><td>Landsholdsklassen 2. runde<\/td><td>14.00 \u2013 20.00<\/td><\/tr><tr><td>G5-1 2. runde<\/td><td>14.00 \u2013 20.00<\/td><\/tr><tr><td>1. Korte P\u00e5ske 2. runde<\/td><td>10.00 &#8211; 16.00<\/td><\/tr><tr><td>1. Korte P\u00e5ske 3. runde<\/td><td>16.00 &#8211; 22.00<\/td><\/tr><tr><td>Begynder og let \u00f8vede 3. runde<\/td><td>10.00<\/td><\/tr><tr><td>Begynder og let \u00f8vede 4. runde<\/td><td>12.30<\/td><\/tr><tr><td>Begynder og let \u00f8vede 5. runde<\/td><td>15.00<\/td><\/tr><tr><td><\/td><td><\/td><\/tr><tr><td><strong>Mandag 14. april 2025<\/strong><\/td><td><\/td><\/tr><tr><td>Landsholdsklassen 3. runde<\/td><td>14.00 \u2013 20.00<\/td><\/tr><tr><td>G5-1 3. runde<\/td><td>14.00 \u2013 20.00<\/td><\/tr><tr><td>1. Korte P\u00e5ske 4. runde<\/td><td>10.00 &#8211; 16.00<\/td><\/tr><tr><td>1. Korte P\u00e5ske 5. runde<\/td><td>16.00 &#8211; 22.00<\/td><\/tr><tr><td>Begynder og let \u00f8vede 6. runde<\/td><td>10.00<\/td><\/tr><tr><td>Begynder og let \u00f8vede 7. runde<\/td><td>13.00<\/td><\/tr><tr><td><\/td><td><\/td><\/tr><tr><td><strong>Tirsdag 15. april 2025<\/strong><\/td><td><\/td><\/tr><tr><td>Landsholdsklassen 4. runde<\/td><td>14.00 \u2013 20.00<\/td><\/tr><tr><td>Kandidatklassen 1. runde<\/td><td>18.30 &#8211; 00.30<\/td><\/tr><tr><td>G7 1. runde<\/td><td>18.30 &#8211; 00.30<\/td><\/tr><tr><td>G5-1 4. runde<\/td><td>14.00 \u2013 20.00<\/td><\/tr><tr><td><\/td><td><\/td><\/tr><tr><td><strong>Onsdag 16. april 2025<\/strong><\/td><td><\/td><\/tr><tr><td>Landsholdsklassen 5. runde<\/td><td>14.00 \u2013 20.00<\/td><\/tr><tr><td>Kandidatklassen 2. runde<\/td><td>14.00 \u2013 20.00<\/td><\/tr><tr><td>G7 2. runde<\/td><td>14.00 \u2013 20.00<\/td><\/tr><tr><td>G5-1 5. runde<\/td><td>14.00 \u2013 20.00<\/td><\/tr><tr><td><\/td><td><\/td><\/tr><tr><td><strong>Torsdag 17. april 2025<\/strong><\/td><td><\/td><\/tr><tr><td>Landsholdsklassen 6. runde<\/td><td>14.00 \u2013 20.00<\/td><\/tr><tr><td>Kandidatklassen 3. runde<\/td><td>14.00 \u2013 20.00<\/td><\/tr><tr><td>G7 3. runde<\/td><td>14.00 \u2013 20.00<\/td><\/tr><tr><td>Veteranklassen 1. runde<\/td><td>14.00 \u2013 20.00<\/td><\/tr><tr><td>G5-2 1. runde<\/td><td>14.00 \u2013 20.00<\/td><\/tr><tr><td>2. Korte P\u00e5ske 1. runde<\/td><td>10.00 &#8211; 16.00<\/td><\/tr><tr><td>2. Korte P\u00e5ske 2. runde<\/td><td>16.00 &#8211; 22.00<\/td><\/tr><tr><td><\/td><td><\/td><\/tr><tr><td><strong>Fredag 18. april 2025<\/strong><\/td><td><\/td><\/tr><tr><td>Landsholdsklassen 7. runde<\/td><td>14.00 \u2013 20.00<\/td><\/tr><tr><td>Kandidatklassen 4. runde<\/td><td>14.00 \u2013 20.00<\/td><\/tr><tr><td>G7 4. runde<\/td><td>14.00 \u2013 20.00<\/td><\/tr><tr><td>Veteranklassen 2. runde<\/td><td>14.00 \u2013 20.00<\/td><\/tr><tr><td>G5-2 2. runde<\/td><td>14.00 \u2013 20.00<\/td><\/tr><tr><td>2. Korte P\u00e5ske 3. runde<\/td><td>14.00 \u2013 20.00<\/td><\/tr><tr><td><\/td><td><\/td><\/tr><tr><td><strong>L\u00f8rdag 19. april 2025<\/strong><\/td><td><\/td><\/tr><tr><td>Landsholdsklassen 8. runde<\/td><td>14.00 \u2013 20.00<\/td><\/tr><tr><td>Kandidatklassen 5. runde<\/td><td>14.00 \u2013 20.00<\/td><\/tr><tr><td>G7 5. runde<\/td><td>14.00 \u2013 20.00<\/td><\/tr><tr><td>Veteranklassen 3. runde<\/td><td>14.00 \u2013 20.00<\/td><\/tr><tr><td>G5-2 3. runde<\/td><td>14.00 \u2013 20.00<\/td><\/tr><tr><td>2. Korte P\u00e5ske 4. runde<\/td><td>10.00 &#8211; 16.00<\/td><\/tr><tr><td>2. Korte P\u00e5ske 5. runde<\/td><td>16.00 &#8211; 22.00<\/td><\/tr><tr><td><\/td><td><\/td><\/tr><tr><td><strong>S\u00f8ndag 20. april 2025<\/strong><\/td><td><\/td><\/tr><tr><td>Landsholdsklassen 9. runde<\/td><td>12.00 &#8211; 18.00<\/td><\/tr><tr><td>Kandidatklassen 6. runde<\/td><td>9.00 &#8211; 15.00<\/td><\/tr><tr><td>G7 6. runde<\/td><td>9.00 &#8211; 15.00<\/td><\/tr><tr><td>Veteranklassen 4. runde<\/td><td>9.00 &#8211; 15.00<\/td><\/tr><tr><td>G5-2 4. runde<\/td><td>9.00 &#8211; 15.00<\/td><\/tr><tr><td>Begynder og let \u00f8vede 1. runde<\/td><td>10.00<\/td><\/tr><tr><td>Begynder og let \u00f8vede 2. runde<\/td><td>12.30<\/td><\/tr><tr><td>Begynder og let \u00f8vede 3. runde<\/td><td>15.00<\/td><\/tr><tr><td><\/td><td><\/td><\/tr><tr><td><strong>Mandag 21. april 2025<\/strong><\/td><td><\/td><\/tr><tr><td>Landsholdsklassen evt. omkamp<\/td><td>13.00<\/td><\/tr><tr><td>Kandidatklassen 7. runde<\/td><td>9.00 &#8211; 15.00<\/td><\/tr><tr><td>G7 7. runde<\/td><td>9.00 &#8211; 15.00<\/td><\/tr><tr><td>Veteranklassen 5. runde<\/td><td>9.00 &#8211; 15.00<\/td><\/tr><tr><td>G5-2 5. runde<\/td><td>9.00 &#8211; 15.00<\/td><\/tr><tr><td>Begynder og let \u00f8vede 4. runde<\/td><td>9.00<\/td><\/tr><tr><td>Begynder og let \u00f8vede 5. runde<\/td><td>11.30<\/td><\/tr><\/tbody><\/table><\/figure>\n\n\n\n<p><\/p>\n","protected":false},"excerpt":{"rendered":"<p>L\u00f8rdag 12. april 2025 Reception og officiel Velkomst 13.00 &#8211; 1345 Landsholdsklassen 1. runde 14.00 \u2013 20.00 G5-1 1. runde 14.00 \u2013 20.00 1. Korte P\u00e5ske 1. runde 14.00 \u2013 20.00 Begynder og let \u00f8vede 1. runde 14.30 Begynder og let \u00f8vede 2. runde 17.00 S\u00f8ndag 13. april 2025 Landsholdsklassen 2. runde 14.00 \u2013 20.00 [&hellip;]<\/p>\n","protected":false},"author":1,"featured_media":0,"parent":0,"menu_order":0,"comment_status":"closed","ping_status":"closed","template":"","meta":{"footnotes":""},"class_list":["post-20","page","type-page","status-publish","hentry"],"_links":{"self":[{"href":"https:\/\/skak-dm.dk\/2025\/wp-json\/wp\/v2\/pages\/20","targetHints":{"allow":["GET"]}}],"collection":[{"href":"https:\/\/skak-dm.dk\/2025\/wp-json\/wp\/v2\/pages"}],"about":[{"href":"https:\/\/skak-dm.dk\/2025\/wp-json\/wp\/v2\/types\/page"}],"author":[{"embeddable":true,"href":"https:\/\/skak-dm.dk\/2025\/wp-json\/wp\/v2\/users\/1"}],"replies":[{"embeddable":true,"href":"https:\/\/skak-dm.dk\/2025\/wp-json\/wp\/v2\/comments?post=20"}],"version-history":[{"count":10,"href":"https:\/\/skak-dm.dk\/2025\/wp-json\/wp\/v2\/pages\/20\/revisions"}],"predecessor-version":[{"id":113,"href":"https:\/\/skak-dm.dk\/2025\/wp-json\/wp\/v2\/pages\/20\/revisions\/113"}],"wp:attachment":[{"href":"https:\/\/skak-dm.dk\/2025\/wp-json\/wp\/v2\/media?parent=20"}],"curies":[{"name":"wp","href":"https:\/\/api.w.org\/{rel}","templated":true}]}}