{"id":41,"date":"2024-12-07T14:57:08","date_gmt":"2024-12-07T13:57:08","guid":{"rendered":"https:\/\/skak-dm.dk\/2025\/?page_id=41"},"modified":"2026-02-17T22:24:45","modified_gmt":"2026-02-17T21:24:45","slug":"tilmelding","status":"publish","type":"page","link":"https:\/\/skak-dm.dk\/2026\/tilmelding\/","title":{"rendered":"Tilmelding"},"content":{"rendered":"\n<p>Tilmelding&nbsp;til DM 2026 sker via DSUs turneringssystem.<\/p>\n\n\n\n<p>Bem\u00e6rk at der skal v\u00e6lges klasse, hvilket g\u00f8res i feltet gruppe (nederst til h\u00f8jre) i tilmeldingsformularen. Desuden skal der angives email adresse ved tilmelding.<\/p>\n\n\n\n<p>Tilmelding til DM :\u00a0<a href=\"https:\/\/turnering.skak.dk\/TournamentActive\/Details?tourId=30083\" target=\"_blank\" rel=\"noreferrer noopener\">Klik her for at tilmelde dig<\/a>.<\/p>\n\n\n\n<p>Her kan du ogs\u00e5 se hvem der allerede er tilmeldt.<\/p>\n\n\n\n<p><\/p>\n","protected":false},"excerpt":{"rendered":"<p>Tilmelding&nbsp;til DM 2026 sker via DSUs turneringssystem. Bem\u00e6rk at der skal v\u00e6lges klasse, hvilket g\u00f8res i feltet gruppe (nederst til h\u00f8jre) i tilmeldingsformularen. Desuden skal der angives email adresse ved tilmelding. Tilmelding til DM :\u00a0Klik her for at tilmelde dig. Her kan du ogs\u00e5 se hvem der allerede er tilmeldt.<\/p>\n","protected":false},"author":1,"featured_media":0,"parent":0,"menu_order":0,"comment_status":"closed","ping_status":"closed","template":"","meta":{"footnotes":""},"class_list":["post-41","page","type-page","status-publish","hentry"],"_links":{"self":[{"href":"https:\/\/skak-dm.dk\/2026\/wp-json\/wp\/v2\/pages\/41","targetHints":{"allow":["GET"]}}],"collection":[{"href":"https:\/\/skak-dm.dk\/2026\/wp-json\/wp\/v2\/pages"}],"about":[{"href":"https:\/\/skak-dm.dk\/2026\/wp-json\/wp\/v2\/types\/page"}],"author":[{"embeddable":true,"href":"https:\/\/skak-dm.dk\/2026\/wp-json\/wp\/v2\/users\/1"}],"replies":[{"embeddable":true,"href":"https:\/\/skak-dm.dk\/2026\/wp-json\/wp\/v2\/comments?post=41"}],"version-history":[{"count":3,"href":"https:\/\/skak-dm.dk\/2026\/wp-json\/wp\/v2\/pages\/41\/revisions"}],"predecessor-version":[{"id":259,"href":"https:\/\/skak-dm.dk\/2026\/wp-json\/wp\/v2\/pages\/41\/revisions\/259"}],"wp:attachment":[{"href":"https:\/\/skak-dm.dk\/2026\/wp-json\/wp\/v2\/media?parent=41"}],"curies":[{"name":"wp","href":"https:\/\/api.w.org\/{rel}","templated":true}]}}